{"id":12980,"date":"2021-08-30T08:12:42","date_gmt":"2021-08-30T08:12:42","guid":{"rendered":"https:\/\/www.geoquest-group.com.vn\/chinh-sach-bao-mat\/"},"modified":"2025-02-04T09:30:54","modified_gmt":"2025-02-04T09:30:54","slug":"chinh-sach-bao-mat","status":"publish","type":"page","link":"https:\/\/www.geoquest-group.com.vn\/vi\/chinh-sach-bao-mat\/","title":{"rendered":"Ch\u00ednh s\u00e1ch b\u1ea3o m\u1eadt"},"content":{"rendered":"<div class=\"fusion-fullwidth fullwidth-box fusion-builder-row-1 nonhundred-percent-fullwidth non-hundred-percent-height-scrolling\" style=\"--awb-border-radius-top-left:0px;--awb-border-radius-top-right:0px;--awb-border-radius-bottom-right:0px;--awb-border-radius-bottom-left:0px;--awb-flex-wrap:wrap;\" ><div class=\"fusion-builder-row fusion-row\"><div class=\"fusion-layout-column fusion_builder_column fusion-builder-column-0 fusion_builder_column_1_1 1_1 fusion-one-full fusion-column-first fusion-column-last\" style=\"--awb-bg-size:cover;--awb-margin-top:0px;--awb-margin-bottom:0px;\"><div class=\"fusion-column-wrapper fusion-flex-column-wrapper-legacy\"><div class=\"fusion-text fusion-text-1\" style=\"--awb-text-transform:none;\"><h2>Ch\u00ednh s\u00e1ch b\u1ea3o m\u1eadt d\u1eef li\u1ec7u<\/h2>\n<p><strong>B\u1eb1ng c\u00e1ch v\u00e0o trang web n\u00e0y, kh\u00e1ch truy c\u1eadp \u0111\u1ed3ng \u00fd v\u1edbi c\u00e1c \u0111i\u1ec1u kho\u1ea3n c\u1ee7a ch\u00ednh s\u00e1ch n\u00e0y. B\u1eb1ng c\u00e1ch g\u1eedi Th\u00f4ng tin c\u1ee7a m\u00ecnh cho REINFORCED EARTH INDIA PVT LTD, kh\u00e1ch truy c\u1eadp s\u1ebd \u0111\u01b0\u1ee3c coi l\u00e0 \u0111\u00e3 cho ph\u00e9p h\u1ecd x\u1eed l\u00fd th\u00f4ng tin t\u01b0\u01a1ng t\u1ef1 theo c\u00e1ch \u0111\u01b0\u1ee3c cung c\u1ea5p trong ch\u00ednh s\u00e1ch n\u00e0y.<\/strong><\/p>\n<h2>  Gi\u1edbi thi\u1ec7u<\/h2>\n<p>  T\u1ea1i REINFORCED EARTH INDIA PVT LTD (REINFORCED EARTH INDIA PVT LTD), REINFORCED EARTH INDIA PVT LTD t\u00f4n tr\u1ecdng quy\u1ec1n ri\u00eang t\u01b0 c\u1ee7a c\u00e1 nh\u00e2n\/kh\u00e1ch truy c\u1eadp v\u00e0 cam k\u1ebft th\u1ef1c hi\u1ec7n c\u00e1c bi\u1ec7n ph\u00e1p ph\u00f2ng ng\u1eeba h\u1ee3p l\u00fd \u0111\u1ec3 b\u1ea3o v\u1ec7 th\u00f4ng tin bao g\u1ed3m Th\u00f4ng tin c\u00e1 nh\u00e2n v\u00e0 `D\u1eef li\u1ec7u ho\u1eb7c th\u00f4ng tin c\u00e1 nh\u00e2n nh\u1ea1y c\u1ea3m&#8217; (SPDI) (\u201cTh\u00f4ng tin\u201d) c\u1ee7a kh\u00e1ch truy c\u1eadp trang web REINFORCED EARTH INDIA PVT LTD n\u00e0y v\u00e0 tu\u00e2n th\u1ee7 m\u1ecdi ngh\u0129a v\u1ee5 ph\u00e1p l\u00fd, quy \u0111\u1ecbnh v\u00e0\/ho\u1eb7c h\u1ee3p \u0111\u1ed3ng li\u00ean quan \u0111\u1ebfn quy\u1ec1n ri\u00eang t\u01b0. REINFORCED EARTH INDIA PVT LTD \u0111\u00e3 \u00e1p d\u1ee5ng c\u00e1c nguy\u00ean t\u1eafc \u201cQuy\u1ec1n ri\u00eang t\u01b0 theo m\u1eb7c \u0111\u1ecbnh\u201d trong c\u00e1ch ti\u1ebfp c\u1eadn quy\u1ec1n ri\u00eang t\u01b0 d\u1eef li\u1ec7u, t\u1ee9c l\u00e0 quy\u1ec1n ri\u00eang t\u01b0 c\u1ee7a d\u1eef li\u1ec7u v\u00e0 th\u00f4ng tin \u0111\u01b0\u1ee3c \u0111\u1ea3m b\u1ea3o tr\u01b0\u1edbc ti\u00ean theo m\u1eb7c \u0111\u1ecbnh.<\/p>\n<p>Ch\u00ednh s\u00e1ch n\u00e0y bao g\u1ed3m vi\u1ec7c x\u1eed l\u00fd, l\u01b0u tr\u1eef v\u00e0 truy c\u1eadp Th\u00f4ng tin theo y\u00eau c\u1ea7u trong c\u00e1c ho\u1ea1t \u0111\u1ed9ng h\u1ee3p ph\u00e1p v\u00e0\/ho\u1eb7c theo h\u1ee3p \u0111\u1ed3ng v\u1edbi REINFORCED EARTH INDIA PVT LTD ho\u1eb7c theo y\u00eau c\u1ea7u kh\u00e1c trong qu\u00e1 tr\u00ecnh kinh doanh th\u00f4ng th\u01b0\u1eddng. N\u00f3 m\u00f4 t\u1ea3 c\u00e1c ch\u00ednh s\u00e1ch v\u00e0 th\u1ee7 t\u1ee5c c\u1ee7a REINFORCED EARTH INDIA PVT LTD v\u1ec1 vi\u1ec7c thu th\u1eadp, s\u1eed d\u1ee5ng v\u00e0 ti\u1ebft l\u1ed9 Th\u00f4ng tin do c\u00e1c th\u1ec3 nh\u00e2n cung c\u1ea5p\/nh\u1eadn v\u00e0 \u0111\u00e1p \u1ee9ng c\u00e1c y\u00eau c\u1ea7u \u0111\u01b0\u1ee3c thi\u1ebft l\u1eadp theo:<\/p>\n<ul>\n<li>\u0110\u1ea1o lu\u1eadt C\u00f4ng ngh\u1ec7 Th\u00f4ng tin, 2000 \u2013 M\u1ee5c 43A;<\/li>\n<li>C\u00e1c quy t\u1eafc v\u1ec1 c\u00f4ng ngh\u1ec7 th\u00f4ng tin (Th\u1ee7 t\u1ee5c v\u00e0 th\u1ef1c h\u00e0nh b\u1ea3o m\u1eadt h\u1ee3p l\u00fd v\u00e0 th\u00f4ng tin c\u00e1 nh\u00e2n nh\u1ea1y c\u1ea3m), 2011.<\/li>\n<\/ul>\n<h3>1 Ph\u1ea1m vi<\/h3>\n<p>Ch\u00ednh s\u00e1ch n\u00e0y \u00e1p d\u1ee5ng cho t\u1ea5t c\u1ea3 kh\u00e1ch truy c\u1eadp trang web c\u1ee7a REINFORCED EARTH INDIA PVT LTD n\u00e0y.<\/p>\n<h3>2. Th\u00f4ng tin \u0111\u01b0\u1ee3c \u0111\u1ec1 c\u1eadp trong Ch\u00ednh s\u00e1ch n\u00e0y<\/h3>\n<p>Ch\u00ednh s\u00e1ch n\u00e0y \u00e1p d\u1ee5ng cho Th\u00f4ng tin \u0111\u01b0\u1ee3c thu th\u1eadp v\u00e0 x\u1eed l\u00fd b\u1edfi REINFORCED EARTH INDIA PVT LTD bao g\u1ed3m:<br \/> 2.1 Th\u00f4ng tin c\u00e1 nh\u00e2n l\u00e0 th\u00f4ng tin li\u00ean quan \u0111\u1ebfn kh\u00e1ch truy c\u1eadp ho\u1eb7c s\u1ef1 k\u1ebft h\u1ee3p c\u1ee7a c\u00e1c th\u00f4ng tin c\u00f3 th\u1ec3 cho ph\u00e9p x\u00e1c \u0111\u1ecbnh danh t\u00ednh c\u1ee7a kh\u00e1ch truy c\u1eadp. Th\u00f4ng tin c\u00e1 nh\u00e2n c\u00f3 th\u1ec3 bao g\u1ed3m t\u00ean \u0111\u1ea7y \u0111\u1ee7, s\u1ed1 li\u00ean l\u1ea1c c\u00e1 nh\u00e2n, \u0111\u1ecba ch\u1ec9 c\u01b0 tr\u00fa, \u0111\u1ecba ch\u1ec9 email, gi\u1edbi t\u00ednh ho\u1eb7c ng\u00e0y sinh. M\u1eb7c d\u00f9 th\u00f4ng tin nh\u01b0 ng\u00e0y sinh ri\u00eang bi\u1ec7t c\u00f3 th\u1ec3 kh\u00f4ng \u0111\u1ee7 \u0111\u1ec3 nh\u1eadn d\u1ea1ng duy nh\u1ea5t kh\u00e1ch truy c\u1eadp nh\u01b0ng s\u1ef1 k\u1ebft h\u1ee3p gi\u1eefa t\u00ean \u0111\u1ea7y \u0111\u1ee7 v\u00e0 ng\u00e0y sinh c\u00f3 th\u1ec3 \u0111\u1ee7 \u0111\u1ec3 l\u00e0m \u0111i\u1ec1u \u0111\u00f3.<br \/>  2.2 D\u1eef li\u1ec7u ho\u1eb7c th\u00f4ng tin c\u00e1 nh\u00e2n nh\u1ea1y c\u1ea3m (\u201cSPDI\u201d) l\u00e0 th\u00f4ng tin c\u00e1 nh\u00e2n \u0111\u01b0\u1ee3c REINFORCED EARTH INDIA PVT LTD thu th\u1eadp, nh\u1eadn, l\u01b0u tr\u1eef, truy\u1ec1n ho\u1eb7c x\u1eed l\u00fd, bao g\u1ed3m:<\/p>\n<ul>\n<li>M\u1eadt kh\u1ea9u;<\/li>\n<li>Th\u00f4ng tin t\u00e0i ch\u00ednh nh\u01b0 t\u00e0i kho\u1ea3n ng\u00e2n h\u00e0ng ho\u1eb7c th\u1ebb t\u00edn d\u1ee5ng ho\u1eb7c th\u1ebb ghi n\u1ee3 ho\u1eb7c chi ti\u1ebft c\u00f4ng c\u1ee5 thanh to\u00e1n kh\u00e1c;<\/li>\n<li>T\u00ecnh tr\u1ea1ng s\u1ee9c kh\u1ecfe th\u1ec3 ch\u1ea5t, sinh l\u00fd v\u00e0 tinh th\u1ea7n;<\/li>\n<li>Xu h\u01b0\u1edbng t\u00ecnh d\u1ee5c;<\/li>\n<li>H\u1ed3 s\u01a1 v\u00e0 l\u1ecbch s\u1eed y t\u1ebf;<\/li>\n<li>Th\u00f4ng tin sinh tr\u1eafc h\u1ecdc;<\/li>\n<li>B\u1ea5t k\u1ef3 chi ti\u1ebft n\u00e0o li\u00ean quan \u0111\u1ebfn c\u00e1c danh m\u1ee5c th\u00f4ng tin c\u00e1 nh\u00e2n n\u00eau tr\u00ean \u0111\u01b0\u1ee3c cung c\u1ea5p cho REINFORCED EARTH INDIA PVT LTD \u0111\u1ec3 cung c\u1ea5p d\u1ecbch v\u1ee5; V\u00e0<\/li>\n<li>B\u1ea5t k\u1ef3 th\u00f4ng tin n\u00e0o \u0111\u01b0\u1ee3c REINFORCED EARTH INDIA PVT LTD nh\u1eadn \u0111\u01b0\u1ee3c trong c\u00e1c danh m\u1ee5c th\u00f4ng tin c\u00e1 nh\u00e2n n\u00eau tr\u00ean \u0111\u1ec3 x\u1eed l\u00fd, l\u01b0u tr\u1eef ho\u1eb7c x\u1eed l\u00fd theo h\u1ee3p \u0111\u1ed3ng h\u1ee3p ph\u00e1p ho\u1eb7c theo c\u00e1ch kh\u00e1c.<\/li>\n<\/ul>\n<p>Xin l\u01b0u \u00fd r\u1eb1ng m\u1ecdi th\u00f4ng tin c\u00f3 s\u1eb5n mi\u1ec5n ph\u00ed ho\u1eb7c c\u00f3 th\u1ec3 truy c\u1eadp \u0111\u01b0\u1ee3c trong ph\u1ea1m vi c\u00f4ng c\u1ed9ng ho\u1eb7c \u0111\u01b0\u1ee3c cung c\u1ea5p theo \u0110\u1ea1o lu\u1eadt Quy\u1ec1n Th\u00f4ng tin n\u0103m 2005 ho\u1eb7c b\u1ea5t k\u1ef3 lu\u1eadt n\u00e0o kh\u00e1c hi\u1ec7n h\u00e0nh s\u1ebd kh\u00f4ng \u0111\u01b0\u1ee3c coi l\u00e0 th\u00f4ng tin c\u00e1 nh\u00e2n nh\u1ea1y c\u1ea3m.<\/p>\n<h3>3. M\u1ee5c \u0111\u00edch<\/h3>\n<p>REINFORCED EARTH INDIA PVT LTD s\u1ebd thu th\u1eadp v\u00e0 s\u1eed d\u1ee5ng Th\u00f4ng tin cho m\u1ee5c \u0111\u00edch kinh doanh h\u1ee3p ph\u00e1p \u0111\u1ec3:<\/p>\n<ul>\n<li>r\u1eb1ng kh\u00e1ch truy c\u1eadp c\u00f3 th\u1ec3 t\u1ea3i xu\u1ed1ng th\u00f4ng tin s\u1ea3n ph\u1ea9m, \u0111\u1eb7t mua s\u1ea3n ph\u1ea9m v\u00e0 t\u1eadn d\u1ee5ng m\u1ed9t s\u1ed1 t\u00ednh n\u0103ng kh\u00e1c c\u1ee7a trang web REINFORCED EARTH INDIA PVT LTD;<\/li>\n<li>\u0111\u1ec3 cung c\u1ea5p th\u00f4ng tin ho\u1eb7c d\u1ecbch v\u1ee5 t\u01b0\u01a1ng t\u00e1c th\u00f4ng qua trang web n\u00e0y, t\u1edbi \u0111\u1ecba ch\u1ec9 email c\u1ee7a kh\u00e1ch truy c\u1eadp ho\u1eb7c, n\u1ebfu kh\u00e1ch truy c\u1eadp mu\u1ed1n g\u1eedi n\u00f3 qua \u0111\u01b0\u1eddng b\u01b0u \u0111i\u1ec7n, \u0111\u1ebfn \u0111\u1ecba ch\u1ec9 b\u01b0u \u0111i\u1ec7n c\u1ee7a kh\u00e1ch truy c\u1eadp;<\/li>\n<li>\u0111\u1ec3 t\u00ecm ki\u1ebfm ph\u1ea3n h\u1ed3i c\u1ee7a kh\u00e1ch truy c\u1eadp ho\u1eb7c li\u00ean h\u1ec7 v\u1edbi kh\u00e1ch truy c\u1eadp li\u00ean quan \u0111\u1ebfn c\u00e1c d\u1ecbch v\u1ee5 \u0111\u01b0\u1ee3c cung c\u1ea5p tr\u00ean trang web c\u1ee7a REINFORCED EARTH INDIA PVT LTD;<\/li>\n<li>\u0111\u1ec3 x\u1eed l\u00fd c\u00e1c \u0111\u01a1n \u0111\u1eb7t h\u00e0ng ho\u1eb7c \u0111\u01a1n \u0111\u0103ng k\u00fd do kh\u00e1ch truy c\u1eadp g\u1eedi;<\/li>\n<li>\u0111\u1ec3 qu\u1ea3n l\u00fd ho\u1eb7c th\u1ef1c hi\u1ec7n c\u00e1c ngh\u0129a v\u1ee5 c\u1ee7a REINFORCED EARTH INDIA PVT LTD li\u00ean quan \u0111\u1ebfn b\u1ea5t k\u1ef3 th\u1ecfa thu\u1eadn n\u00e0o m\u00e0 kh\u00e1ch truy c\u1eadp c\u00f3 th\u1ec3 c\u00f3 v\u1edbi REINFORCED EARTH INDIA PVT LTD;<\/li>\n<li>d\u1ef1 \u0111o\u00e1n v\u00e0 gi\u1ea3i quy\u1ebft c\u00e1c v\u1ea5n \u0111\u1ec1 v\u1edbi b\u1ea5t k\u1ef3 h\u00e0ng h\u00f3a ho\u1eb7c d\u1ecbch v\u1ee5 n\u00e0o \u0111\u01b0\u1ee3c cung c\u1ea5p cho kh\u00e1ch truy c\u1eadp;<\/li>\n<li>\u0111\u1ec3 t\u1ea1o ra c\u00e1c s\u1ea3n ph\u1ea9m ho\u1eb7c d\u1ecbch v\u1ee5 c\u00f3 th\u1ec3 \u0111\u00e1p \u1ee9ng nhu c\u1ea7u c\u1ee7a du kh\u00e1ch;<\/li>\n<li>\u0111\u1ec3 x\u1eed l\u00fd v\u00e0 ph\u1ea3n h\u1ed3i c\u00e1c y\u00eau c\u1ea7u, c\u1ea3i thi\u1ec7n ho\u1ea1t \u0111\u1ed9ng c\u1ee7a REINFORCED EARTH INDIA PVT LTD v\u00e0 li\u00ean l\u1ea1c v\u1edbi kh\u00e1ch truy c\u1eadp v\u1ec1 c\u00e1c s\u1ea3n ph\u1ea9m, d\u1ecbch v\u1ee5 v\u00e0 ho\u1ea1t \u0111\u1ed9ng kinh doanh c\u1ee7a REINFORCED EARTH INDIA PVT LTD; V\u00e0<\/li>\n<li>\u0111\u1ec3 cho ph\u00e9p kh\u00e1ch truy c\u1eadp \u0111\u0103ng k\u00fd nh\u1eadn th\u00f4ng b\u00e1o tin t\u1ee9c c\u1ee7a REINFORCED EARTH INDIA PVT LTD.<\/li>\n<\/ul>\n<h3>4. Thu th\u1eadp th\u00f4ng tin<\/h3>\n<p>Ch\u1ec9 nh\u1eefng Th\u00f4ng tin t\u1ed1i thi\u1ec3u c\u1ea7n thi\u1ebft \u0111\u1ec3 \u0111\u00e1p \u1ee9ng c\u00e1c m\u1ee5c \u0111\u00edch \u0111\u01b0\u1ee3c \u0111\u1ec1 c\u1eadp trong ch\u00ednh s\u00e1ch n\u00e0y m\u1edbi \u0111\u01b0\u1ee3c thu th\u1eadp t\u1eeb (c\u00e1c) kh\u00e1ch truy c\u1eadp. C\u1ea3 REINFORCED EARTH INDIA PVT LTD v\u00e0 \u0111\u1ea1i di\u1ec7n c\u1ee7a c\u00f4ng ty \u0111\u1ec1u kh\u00f4ng ch\u1ecbu tr\u00e1ch nhi\u1ec7m v\u1ec1 t\u00ednh x\u00e1c th\u1ef1c c\u1ee7a Th\u00f4ng tin do kh\u00e1ch truy c\u1eadp cung c\u1ea5p. Nh\u01b0 th\u00f4ng l\u1ec7 kinh doanh th\u00f4ng th\u01b0\u1eddng, REINFORCED EARTH INDIA PVT LTD c\u00f3 th\u1ec3 thu th\u1eadp Th\u00f4ng tin \u0111\u1ec3 cho ph\u00e9p x\u00e1c th\u1ef1c, t\u01b0\u01a1ng t\u00e1c v\u00e0 giao d\u1ecbch tr\u1ef1c tuy\u1ebfn an to\u00e0n v\u1edbi c\u00e1c th\u1ec3 nh\u00e2n. \u0110i\u1ec1u n\u00e0y c\u00f3 th\u1ec3 bao g\u1ed3m vi\u1ec7c c\u00e0i \u0111\u1eb7t cookie v\u00e0 thu th\u1eadp d\u1eef li\u1ec7u phi\u00ean kh\u00e1c.<\/p>\n<h3>5. Truy c\u1eadp, ch\u1ec9nh s\u1eeda th\u00f4ng tin v\u00e0 r\u00fat l\u1ea1i s\u1ef1 \u0111\u1ed3ng \u00fd<\/h3>\n<p>M\u1ecdi s\u1eeda \u0111\u1ed5i\/ch\u1ec9nh s\u1eeda c\u1ea7n thi\u1ebft \u0111\u1ed1i v\u1edbi Th\u00f4ng tin \u0111\u1ec1u c\u00f3 th\u1ec3 \u0111\u01b0\u1ee3c th\u1ef1c hi\u1ec7n tr\u00ean trang web. Trong tr\u01b0\u1eddng h\u1ee3p kh\u00e1ch truy c\u1eadp kh\u00f4ng th\u1ec3 l\u00e0m nh\u01b0 v\u1eady do trang web c\u1ee7a REINFORCED EARTH INDIA PVT LTD thi\u1ebfu ch\u1ee9c n\u0103ng v\u00e0\/ho\u1eb7c kh\u00e1ch truy c\u1eadp mu\u1ed1n r\u00fat l\u1ea1i s\u1ef1 \u0111\u1ed3ng \u00fd cung c\u1ea5p SPDI, h\u1ecd c\u00f3 th\u1ec3 li\u00ean h\u1ec7 v\u1edbi Nh\u00e2n vi\u00ean gi\u1ea3i quy\u1ebft khi\u1ebfu n\u1ea1i, th\u00f4ng tin chi ti\u1ebft nh\u01b0 sau: quy \u0111\u1ecbnh t\u1ea1i kho\u1ea3n 8 c\u1ee7a ch\u00ednh s\u00e1ch n\u00e0y.<\/p>\n<h3>6. L\u01b0u gi\u1eef, x\u1eed l\u00fd v\u00e0 l\u01b0u tr\u1eef th\u00f4ng tin:<\/h3>\n<p>6.1 REINFORCED EARTH INDIA PVT LTD s\u1ebd ch\u1ec9 l\u01b0u gi\u1eef Th\u00f4ng tin trong kho\u1ea3ng th\u1eddi gian c\u1ea7n thi\u1ebft \u0111\u1ec3 \u0111\u00e1p \u1ee9ng c\u00e1c y\u00eau c\u1ea7u ph\u00e1p l\u00fd ho\u1eb7c quy \u0111\u1ecbnh ho\u1eb7c cho c\u00e1c m\u1ee5c \u0111\u00edch kinh doanh h\u1ee3p ph\u00e1p nh\u01b0 \u0111\u01b0\u1ee3c \u0111\u1ec1 c\u1eadp trong ch\u00ednh s\u00e1ch n\u00e0y.<br \/>  6.2 REINFORCED EARTH INDIA PVT LTD \u0111\u00e3 tri\u1ec3n khai c\u00e1c ti\u00eau chu\u1ea9n v\u00e0 th\u00f4ng l\u1ec7 b\u1ea3o m\u1eadt b\u1eaft bu\u1ed9c theo c\u00e1c ti\u00eau chu\u1ea9n to\u00e0n c\u1ea7u v\u00e0 c\u00f3 ch\u01b0\u01a1ng tr\u00ecnh v\u00e0 ch\u00ednh s\u00e1ch b\u1ea3o m\u1eadt th\u00f4ng tin to\u00e0n di\u1ec7n \u0111\u01b0\u1ee3c ghi ch\u00e9p l\u1ea1i, bao g\u1ed3m c\u00e1c bi\u1ec7n ph\u00e1p ki\u1ec3m so\u00e1t b\u1ea3o m\u1eadt v\u1ec1 m\u1eb7t qu\u1ea3n l\u00fd, k\u1ef9 thu\u1eadt, v\u1eadn h\u00e0nh v\u00e0 v\u1eadt l\u00fd ph\u00f9 h\u1ee3p v\u1edbi c\u00e1c t\u00e0i s\u1ea3n th\u00f4ng tin \u0111\u01b0\u1ee3c b\u1ea3o v\u1ec7 theo b\u1ea3n ch\u1ea5t kinh doanh c\u1ee7a REINFORCED EARTH INDIA PVT LTD. N\u00f3 \u0111ang \u0111\u01b0\u1ee3c xem x\u00e9t \u0111\u1ecbnh k\u1ef3 \u0111\u1ec3 theo k\u1ecbp v\u1edbi nh\u1eefng thay \u0111\u1ed5i v\u1ec1 kinh doanh, c\u00f4ng ngh\u1ec7 v\u00e0 quy \u0111\u1ecbnh.<\/p>\n<h3>7. Ti\u1ebft l\u1ed9 th\u00f4ng tin<\/h3>\n<p>7.1 REINFORCED EARTH INDIA PVT LTD s\u1ebd kh\u00f4ng s\u1eed d\u1ee5ng ho\u1eb7c ti\u1ebft l\u1ed9 Th\u00f4ng tin cho c\u00e1c m\u1ee5c \u0111\u00edch kh\u00e1c ngo\u00e0i m\u1ee5c \u0111\u00edch \u0111\u01b0\u1ee3c \u0111\u1ec1 c\u1eadp trong ch\u00ednh s\u00e1ch n\u00e0y, ngo\u1ea1i tr\u1eeb khi c\u00f3 s\u1ef1 \u0111\u1ed3ng \u00fd c\u1ee7a kh\u00e1ch truy c\u1eadp cung c\u1ea5p Th\u00f4ng tin \u0111\u00f3 ho\u1eb7c theo y\u00eau c\u1ea7u c\u1ee7a ph\u00e1p lu\u1eadt. Tuy nhi\u00ean, REINFORCED EARTH INDIA PVT LTD c\u00f3 th\u1ec3 b\u1ecb y\u00eau c\u1ea7u ti\u1ebft l\u1ed9 Th\u00f4ng tin trong c\u00e1c tr\u01b0\u1eddng h\u1ee3p sau:<\/p>\n<ul>\n<li>Tr\u01b0\u1eddng h\u1ee3p vi\u1ec7c ti\u1ebft l\u1ed9 l\u00e0 c\u1ea7n thi\u1ebft \u0111\u1ec3 tu\u00e2n th\u1ee7 ngh\u0129a v\u1ee5 ph\u00e1p l\u00fd;<\/li>\n<li>Tr\u01b0\u1eddng h\u1ee3p \u0111\u01b0\u1ee3c ph\u00e1p lu\u1eadt y\u00eau c\u1ea7u b\u1edfi c\u00e1c c\u01a1 quan ch\u00ednh ph\u1ee7 ph\u1ea3i ti\u1ebft l\u1ed9 Th\u00f4ng tin \u0111\u00f3.<\/li>\n<\/ul>\n<p>7.2 Trong tr\u01b0\u1eddng h\u1ee3p c\u1ea7n thi\u1ebft, REINFORCED EARTH INDIA PVT LTD c\u00f3 th\u1ec3 ti\u1ebft l\u1ed9 Th\u00f4ng tin cho \u0111\u1ed1i t\u00e1c kinh doanh ho\u1eb7c b\u00ean th\u1ee9 ba trong qu\u00e1 tr\u00ecnh kinh doanh th\u00f4ng th\u01b0\u1eddng v\u00ec c\u00e1c m\u1ee5c \u0111\u00edch \u0111\u01b0\u1ee3c \u0111\u1ec1 c\u1eadp trong ch\u00ednh s\u00e1ch n\u00e0y. Trong nh\u1eefng tr\u01b0\u1eddng h\u1ee3p nh\u01b0 v\u1eady, REINFORCED EARTH INDIA PVT LTD s\u1ebd ch\u1ec9 chia s\u1ebb d\u1eef li\u1ec7u li\u00ean quan \u0111\u1ebfn Th\u00f4ng tin khi REINFORCED EARTH INDIA PVT LTD \u0111\u01b0\u1ee3c \u0111\u1ea3m b\u1ea3o r\u1eb1ng:<\/p>\n<ul>\n<li>Th\u00f4ng tin \u0111\u01b0\u1ee3c \u0111\u1ed1i t\u00e1c kinh doanh ho\u1eb7c b\u00ean th\u1ee9 ba x\u1eed l\u00fd m\u1ed9t c\u00e1ch h\u1ee3p ph\u00e1p v\u00e0 ph\u00f9 h\u1ee3p theo s\u1ef1 \u0111\u1ed3ng \u00fd \u0111\u00e3 \u0111\u01b0\u1ee3c thi\u1ebft l\u1eadp ho\u1eb7c ph\u00f9 h\u1ee3p v\u1edbi c\u00e1c y\u00eau c\u1ea7u ph\u00e1p l\u00fd.<\/li>\n<li>\u0110\u1ed1i t\u00e1c kinh doanh ho\u1eb7c b\u00ean th\u1ee9 ba \u0111\u00e3 \u00e1p d\u1ee5ng m\u1ee9c \u0111\u1ed9 th\u1ef1c h\u00e0nh v\u00e0 quy tr\u00ecnh b\u1ea3o m\u1eadt h\u1ee3p l\u00fd v\u00e0 t\u01b0\u01a1ng \u0111\u01b0\u01a1ng \u0111\u1ec3 \u0111\u1ea3m b\u1ea3o t\u00ednh b\u1ea3o m\u1eadt c\u1ee7a Th\u00f4ng tin \u0111\u01b0\u1ee3c chia s\u1ebb.<\/li>\n<\/ul>\n<h3>8. Ph\u1ea3n h\u1ed3i ho\u1eb7c Quan ng\u1ea1i<\/h3>\n<p>\u0110\u1ec3 ph\u1ea3n h\u1ed3i ho\u1eb7c th\u1eafc m\u1eafc, n\u1ebfu c\u00f3, vui l\u00f2ng li\u00ean h\u1ec7:<br \/> \u0110\u1ecba ch\u1ec9 email: <a href=\"mailto:info@terre-armee.com\">info@terre-armee.com<\/a><\/p>\n<\/div><div class=\"fusion-clearfix\"><\/div><\/div><\/div><\/div><\/div>\n","protected":false},"excerpt":{"rendered":"","protected":false},"author":1,"featured_media":0,"parent":0,"menu_order":0,"comment_status":"closed","ping_status":"closed","template":"","meta":{"footnotes":""},"class_list":["post-12980","page","type-page","status-publish","hentry"],"yoast_head":"<!-- This site is optimized with the Yoast SEO plugin v27.2 - https:\/\/yoast.com\/product\/yoast-seo-wordpress\/ -->\n<title>Ch\u00ednh s\u00e1ch b\u1ea3o m\u1eadt - Geoquest Vietnam<\/title>\n<meta name=\"description\" content=\"Ch\u00ednh s\u00e1ch b\u1ea3o m\u1eadt - Geoquest Vietnam Inventor of the Reinforced Earth\u00ae technique and designer and supplier of geotechnical engineering structures and reinforced backfill solutions.\" \/>\n<meta name=\"robots\" content=\"index, follow, max-snippet:-1, max-image-preview:large, max-video-preview:-1\" \/>\n<link rel=\"canonical\" href=\"https:\/\/www.geoquest-group.com.vn\/vi\/chinh-sach-bao-mat\/\" \/>\n<meta property=\"og:locale\" content=\"vi_VN\" \/>\n<meta property=\"og:type\" content=\"article\" \/>\n<meta property=\"og:title\" content=\"Ch\u00ednh s\u00e1ch b\u1ea3o m\u1eadt - Geoquest Vietnam\" \/>\n<meta property=\"og:description\" content=\"Ch\u00ednh s\u00e1ch b\u1ea3o m\u1eadt - Geoquest Vietnam Inventor of the Reinforced Earth\u00ae technique and designer and supplier of geotechnical engineering structures and reinforced backfill solutions.\" \/>\n<meta property=\"og:url\" content=\"https:\/\/www.geoquest-group.com.vn\/vi\/chinh-sach-bao-mat\/\" \/>\n<meta property=\"og:site_name\" content=\"Geoquest Vietnam\" \/>\n<meta property=\"article:modified_time\" content=\"2025-02-04T09:30:54+00:00\" \/>\n<meta property=\"og:image\" content=\"https:\/\/www.geoquest-group.com.vn\/wp-content\/uploads\/sites\/22\/2025\/02\/Chom-chom-featured-v1.jpg\" \/>\n\t<meta property=\"og:image:width\" content=\"1024\" \/>\n\t<meta property=\"og:image:height\" content=\"546\" \/>\n\t<meta property=\"og:image:type\" content=\"image\/jpeg\" \/>\n<meta name=\"twitter:card\" content=\"summary_large_image\" \/>\n<meta name=\"twitter:site\" content=\"@terre_armee\" \/>\n<meta name=\"twitter:label1\" content=\"Est. reading time\" \/>\n\t<meta name=\"twitter:data1\" content=\"13 minutes\" \/>\n<script type=\"application\/ld+json\" class=\"yoast-schema-graph\">{\"@context\":\"https:\/\/schema.org\",\"@graph\":[{\"@type\":\"WebPage\",\"@id\":\"https:\/\/www.geoquest-group.com.vn\/vi\/chinh-sach-bao-mat\/\",\"url\":\"https:\/\/www.geoquest-group.com.vn\/vi\/chinh-sach-bao-mat\/\",\"name\":\"Ch\u00ednh s\u00e1ch b\u1ea3o m\u1eadt - Geoquest Vietnam\",\"isPartOf\":{\"@id\":\"https:\/\/www.geoquest-group.com.vn\/vi\/#website\"},\"datePublished\":\"2021-08-30T08:12:42+00:00\",\"dateModified\":\"2025-02-04T09:30:54+00:00\",\"description\":\"Ch\u00ednh s\u00e1ch b\u1ea3o m\u1eadt - Geoquest Vietnam Inventor of the Reinforced Earth\u00ae technique and designer and supplier of geotechnical engineering structures and reinforced backfill solutions.\",\"breadcrumb\":{\"@id\":\"https:\/\/www.geoquest-group.com.vn\/vi\/chinh-sach-bao-mat\/#breadcrumb\"},\"inLanguage\":\"vi-VN\",\"potentialAction\":[{\"@type\":\"ReadAction\",\"target\":[\"https:\/\/www.geoquest-group.com.vn\/vi\/chinh-sach-bao-mat\/\"]}]},{\"@type\":\"BreadcrumbList\",\"@id\":\"https:\/\/www.geoquest-group.com.vn\/vi\/chinh-sach-bao-mat\/#breadcrumb\",\"itemListElement\":[{\"@type\":\"ListItem\",\"position\":1,\"name\":\"Home\",\"item\":\"https:\/\/www.geoquest-group.com.vn\/vi\/\"},{\"@type\":\"ListItem\",\"position\":2,\"name\":\"Ch\u00ednh s\u00e1ch b\u1ea3o m\u1eadt\"}]},{\"@type\":\"WebSite\",\"@id\":\"https:\/\/www.geoquest-group.com.vn\/vi\/#website\",\"url\":\"https:\/\/www.geoquest-group.com.vn\/vi\/\",\"name\":\"Geoquest Vietnam\",\"description\":\"Geoquest Vietnam\",\"publisher\":{\"@id\":\"https:\/\/www.geoquest-group.com.vn\/vi\/#organization\"},\"alternateName\":\"Geoquest Vietnam\",\"potentialAction\":[{\"@type\":\"SearchAction\",\"target\":{\"@type\":\"EntryPoint\",\"urlTemplate\":\"https:\/\/www.geoquest-group.com.vn\/vi\/?s={search_term_string}\"},\"query-input\":{\"@type\":\"PropertyValueSpecification\",\"valueRequired\":true,\"valueName\":\"search_term_string\"}}],\"inLanguage\":\"vi-VN\"},{\"@type\":\"Organization\",\"@id\":\"https:\/\/www.geoquest-group.com.vn\/vi\/#organization\",\"name\":\"Geoquest Vietnam\",\"alternateName\":\"Geoquest Vietnam\",\"url\":\"https:\/\/www.geoquest-group.com.vn\/vi\/\",\"logo\":{\"@type\":\"ImageObject\",\"inLanguage\":\"vi-VN\",\"@id\":\"https:\/\/www.geoquest-group.com.vn\/vi\/#\/schema\/logo\/image\/\",\"url\":\"https:\/\/www.geoquest-group.com.vn\/wp-content\/uploads\/sites\/22\/2024\/11\/Geoquest-Logo-V_CMYK-flat.png\",\"contentUrl\":\"https:\/\/www.geoquest-group.com.vn\/wp-content\/uploads\/sites\/22\/2024\/11\/Geoquest-Logo-V_CMYK-flat.png\",\"width\":842,\"height\":596,\"caption\":\"Geoquest Vietnam\"},\"image\":{\"@id\":\"https:\/\/www.geoquest-group.com.vn\/vi\/#\/schema\/logo\/image\/\"},\"sameAs\":[\"https:\/\/x.com\/terre_armee\",\"https:\/\/www.linkedin.com\/company\/reinforced-earth-company-vietnam\/\",\"https:\/\/www.youtube.com\/user\/terrearmeegroup\"]}]}<\/script>\n<!-- \/ Yoast SEO plugin. -->","yoast_head_json":{"title":"Ch\u00ednh s\u00e1ch b\u1ea3o m\u1eadt - Geoquest Vietnam","description":"Ch\u00ednh s\u00e1ch b\u1ea3o m\u1eadt - Geoquest Vietnam Inventor of the Reinforced Earth\u00ae technique and designer and supplier of geotechnical engineering structures and reinforced backfill solutions.","robots":{"index":"index","follow":"follow","max-snippet":"max-snippet:-1","max-image-preview":"max-image-preview:large","max-video-preview":"max-video-preview:-1"},"canonical":"https:\/\/www.geoquest-group.com.vn\/vi\/chinh-sach-bao-mat\/","og_locale":"vi_VN","og_type":"article","og_title":"Ch\u00ednh s\u00e1ch b\u1ea3o m\u1eadt - Geoquest Vietnam","og_description":"Ch\u00ednh s\u00e1ch b\u1ea3o m\u1eadt - Geoquest Vietnam Inventor of the Reinforced Earth\u00ae technique and designer and supplier of geotechnical engineering structures and reinforced backfill solutions.","og_url":"https:\/\/www.geoquest-group.com.vn\/vi\/chinh-sach-bao-mat\/","og_site_name":"Geoquest Vietnam","article_modified_time":"2025-02-04T09:30:54+00:00","og_image":[{"width":1024,"height":546,"url":"https:\/\/www.geoquest-group.com.vn\/wp-content\/uploads\/sites\/22\/2025\/02\/Chom-chom-featured-v1.jpg","type":"image\/jpeg"}],"twitter_card":"summary_large_image","twitter_site":"@terre_armee","twitter_misc":{"Est. reading time":"13 minutes"},"schema":{"@context":"https:\/\/schema.org","@graph":[{"@type":"WebPage","@id":"https:\/\/www.geoquest-group.com.vn\/vi\/chinh-sach-bao-mat\/","url":"https:\/\/www.geoquest-group.com.vn\/vi\/chinh-sach-bao-mat\/","name":"Ch\u00ednh s\u00e1ch b\u1ea3o m\u1eadt - Geoquest Vietnam","isPartOf":{"@id":"https:\/\/www.geoquest-group.com.vn\/vi\/#website"},"datePublished":"2021-08-30T08:12:42+00:00","dateModified":"2025-02-04T09:30:54+00:00","description":"Ch\u00ednh s\u00e1ch b\u1ea3o m\u1eadt - Geoquest Vietnam Inventor of the Reinforced Earth\u00ae technique and designer and supplier of geotechnical engineering structures and reinforced backfill solutions.","breadcrumb":{"@id":"https:\/\/www.geoquest-group.com.vn\/vi\/chinh-sach-bao-mat\/#breadcrumb"},"inLanguage":"vi-VN","potentialAction":[{"@type":"ReadAction","target":["https:\/\/www.geoquest-group.com.vn\/vi\/chinh-sach-bao-mat\/"]}]},{"@type":"BreadcrumbList","@id":"https:\/\/www.geoquest-group.com.vn\/vi\/chinh-sach-bao-mat\/#breadcrumb","itemListElement":[{"@type":"ListItem","position":1,"name":"Home","item":"https:\/\/www.geoquest-group.com.vn\/vi\/"},{"@type":"ListItem","position":2,"name":"Ch\u00ednh s\u00e1ch b\u1ea3o m\u1eadt"}]},{"@type":"WebSite","@id":"https:\/\/www.geoquest-group.com.vn\/vi\/#website","url":"https:\/\/www.geoquest-group.com.vn\/vi\/","name":"Geoquest Vietnam","description":"Geoquest Vietnam","publisher":{"@id":"https:\/\/www.geoquest-group.com.vn\/vi\/#organization"},"alternateName":"Geoquest Vietnam","potentialAction":[{"@type":"SearchAction","target":{"@type":"EntryPoint","urlTemplate":"https:\/\/www.geoquest-group.com.vn\/vi\/?s={search_term_string}"},"query-input":{"@type":"PropertyValueSpecification","valueRequired":true,"valueName":"search_term_string"}}],"inLanguage":"vi-VN"},{"@type":"Organization","@id":"https:\/\/www.geoquest-group.com.vn\/vi\/#organization","name":"Geoquest Vietnam","alternateName":"Geoquest Vietnam","url":"https:\/\/www.geoquest-group.com.vn\/vi\/","logo":{"@type":"ImageObject","inLanguage":"vi-VN","@id":"https:\/\/www.geoquest-group.com.vn\/vi\/#\/schema\/logo\/image\/","url":"https:\/\/www.geoquest-group.com.vn\/wp-content\/uploads\/sites\/22\/2024\/11\/Geoquest-Logo-V_CMYK-flat.png","contentUrl":"https:\/\/www.geoquest-group.com.vn\/wp-content\/uploads\/sites\/22\/2024\/11\/Geoquest-Logo-V_CMYK-flat.png","width":842,"height":596,"caption":"Geoquest Vietnam"},"image":{"@id":"https:\/\/www.geoquest-group.com.vn\/vi\/#\/schema\/logo\/image\/"},"sameAs":["https:\/\/x.com\/terre_armee","https:\/\/www.linkedin.com\/company\/reinforced-earth-company-vietnam\/","https:\/\/www.youtube.com\/user\/terrearmeegroup"]}]}},"_links":{"self":[{"href":"https:\/\/www.geoquest-group.com.vn\/vi\/wp-json\/wp\/v2\/pages\/12980","targetHints":{"allow":["GET"]}}],"collection":[{"href":"https:\/\/www.geoquest-group.com.vn\/vi\/wp-json\/wp\/v2\/pages"}],"about":[{"href":"https:\/\/www.geoquest-group.com.vn\/vi\/wp-json\/wp\/v2\/types\/page"}],"author":[{"embeddable":true,"href":"https:\/\/www.geoquest-group.com.vn\/vi\/wp-json\/wp\/v2\/users\/1"}],"replies":[{"embeddable":true,"href":"https:\/\/www.geoquest-group.com.vn\/vi\/wp-json\/wp\/v2\/comments?post=12980"}],"version-history":[{"count":1,"href":"https:\/\/www.geoquest-group.com.vn\/vi\/wp-json\/wp\/v2\/pages\/12980\/revisions"}],"predecessor-version":[{"id":12984,"href":"https:\/\/www.geoquest-group.com.vn\/vi\/wp-json\/wp\/v2\/pages\/12980\/revisions\/12984"}],"wp:attachment":[{"href":"https:\/\/www.geoquest-group.com.vn\/vi\/wp-json\/wp\/v2\/media?parent=12980"}],"curies":[{"name":"wp","href":"https:\/\/api.w.org\/{rel}","templated":true}]}}