{"id":13061,"date":"2019-07-22T07:15:23","date_gmt":"2019-07-22T07:15:23","guid":{"rendered":"https:\/\/www.geoquest-group.com.vn\/chinh-sach-cookie\/"},"modified":"2025-02-04T09:36:20","modified_gmt":"2025-02-04T09:36:20","slug":"chinh-sach-cookie","status":"publish","type":"page","link":"https:\/\/www.geoquest-group.com.vn\/vi\/chinh-sach-cookie\/","title":{"rendered":"Ch\u00ednh s\u00e1ch cookie"},"content":{"rendered":"<div class=\"fusion-fullwidth fullwidth-box fusion-builder-row-1 nonhundred-percent-fullwidth non-hundred-percent-height-scrolling\" style=\"--awb-border-radius-top-left:0px;--awb-border-radius-top-right:0px;--awb-border-radius-bottom-right:0px;--awb-border-radius-bottom-left:0px;--awb-flex-wrap:wrap;\" ><div class=\"fusion-builder-row fusion-row\"><div class=\"fusion-layout-column fusion_builder_column fusion-builder-column-0 fusion_builder_column_1_1 1_1 fusion-one-full fusion-column-first fusion-column-last\" style=\"--awb-bg-size:cover;--awb-margin-top:0px;--awb-margin-bottom:0px;\"><div class=\"fusion-column-wrapper fusion-flex-column-wrapper-legacy\"><div class=\"fusion-text fusion-text-1\" style=\"--awb-text-transform:none;\"><h2><strong>CH\u00cdNH S\u00c1CH Cookie<\/strong><\/h2>\n<p>Geoquest India Pvt Ltd c\u00f3 th\u1ec3 c\u00e0i \u0111\u1eb7t cookie tr\u00ean thi\u1ebft b\u1ecb c\u1ee7a b\u1ea1n khi b\u1ea1n truy c\u1eadp trang web c\u1ee7a ch\u00fang t\u00f4i v\u00e0 c\u00f3 th\u1ec3 s\u1eed d\u1ee5ng cookie trong c\u00e1c tin nh\u1eafn \u0111i\u1ec7n t\u1eed \u0111\u01b0\u1ee3c g\u1eedi cho b\u1ea1n.<\/p>\n<p>Ch\u00ednh s\u00e1ch cookie n\u00e0y \u0111\u01b0\u1ee3c thi\u1ebft k\u1ebf \u0111\u1ec3 th\u00f4ng b\u00e1o cho b\u1ea1n v\u1ec1 c\u00e1c lo\u1ea1i cookie kh\u00e1c nhau \u0111\u01b0\u1ee3c s\u1eed d\u1ee5ng, m\u1ee5c \u0111\u00edch c\u1ee7a ch\u00fang v\u00e0 quy\u1ec1n c\u1ee7a b\u1ea1n, ch\u1eb3ng h\u1ea1n nh\u01b0 khi \u0111\u1ecbnh c\u1ea5u h\u00ecnh tr\u00ecnh duy\u1ec7t c\u1ee7a b\u1ea1n.<\/p>\n<p>Cookie ho\u1eb7c tr\u00ecnh theo d\u00f5i k\u1ebft n\u1ed1i \u0111\u01b0\u1ee3c s\u1eed d\u1ee5ng tr\u00ean trang web v\u00e0 \u0111\u01b0\u1ee3c l\u01b0u tr\u1eef t\u1ea1m th\u1eddi tr\u00ean thi\u1ebft b\u1ecb \u0111\u1ea7u cu\u1ed1i ho\u1eb7c thi\u1ebft b\u1ecb c\u1ee7a ng\u01b0\u1eddi d\u00f9ng c\u1ee7a ch\u00fang t\u00f4i, ch\u1eb3ng h\u1ea1n nh\u01b0 m\u00e1y t\u00ednh, m\u00e1y t\u00ednh b\u1ea3ng v\u00e0\/ho\u1eb7c \u0111i\u1ec7n tho\u1ea1i th\u00f4ng minh, \u0111\u1ec3 t\u1ea1o \u0111i\u1ec1u ki\u1ec7n cho h\u1ecd duy\u1ec7t v\u00e0 t\u1ed1i \u01b0u h\u00f3a ch\u1ea5t l\u01b0\u1ee3ng c\u1ee7a trang web. Nh\u1eefng cookie n\u00e0y c\u00f3 th\u1ec3 b\u1ecb ng\u01b0\u1eddi d\u00f9ng t\u1eeb ch\u1ed1i t\u00f9y theo c\u00e1c l\u1ef1a ch\u1ecdn v\u00e0 t\u00f9y ch\u1ecdn m\u00e0 h\u1ecd c\u00f3 th\u1ec3 \u0111\u01b0a ra b\u1ea5t k\u1ef3 l\u00fac n\u00e0o.<\/p>\n<p>C\u00e1c cookie \u0111\u01b0\u1ee3c s\u1eed d\u1ee5ng tr\u00ean trang web n\u00e0y c\u00f3 th\u1ec3 \u0111\u01b0\u1ee3c l\u01b0u tr\u1eef b\u1edfi trang web c\u1ee7a ch\u00fang t\u00f4i ho\u1eb7c b\u1edfi trang web c\u1ee7a b\u00ean th\u1ee9 ba. C\u00e1c cookie n\u00e0y c\u00f3 th\u1ec3 l\u00e0 cookie phi\u00ean ho\u1eb7c cookie li\u00ean t\u1ee5c: cookie phi\u00ean l\u00e0 cookie \u0111\u01b0\u1ee3c t\u1ef1 \u0111\u1ed9ng x\u00f3a khi ng\u01b0\u1eddi d\u00f9ng r\u1eddi kh\u1ecfi tr\u00ecnh duy\u1ec7t, trong khi cookie li\u00ean t\u1ee5c v\u1eabn \u0111\u01b0\u1ee3c l\u01b0u tr\u1eef trong m\u00e1y t\u00ednh c\u1ee7a ng\u01b0\u1eddi d\u00f9ng cho \u0111\u1ebfn ng\u00e0y h\u1ebft h\u1ea1n.<\/p>\n<p>C\u00e1c cookie \u0111\u01b0\u1ee3c s\u1eed d\u1ee5ng tr\u00ean trang web c\u1ee7a ch\u00fang t\u00f4i c\u00f3 th\u1eddi h\u1ea1n s\u1eed d\u1ee5ng t\u1ed1i \u0111a l\u00e0 12 th\u00e1ng.<\/p>\n<h3><strong>TH\u1ec2 LO\u1ea0I<\/strong><\/h3>\n<p>Ch\u00fang t\u00f4i s\u1eed d\u1ee5ng m\u1ed9t s\u1ed1 lo\u1ea1i cookie kh\u00e1c nhau tr\u00ean trang web n\u00e0y:<\/p>\n<ul>\n<li><strong>Cookie phi\u00ean v\u00e0 k\u1ef9 thu\u1eadt b\u1eaft bu\u1ed9c:<\/strong><\/li>\n<\/ul>\n<p>Nh\u1eefng cookie n\u00e0y r\u1ea5t quan tr\u1ecdng \u0111\u1ec3 ng\u01b0\u1eddi d\u00f9ng duy\u1ec7t qua trang web c\u1ee7a ch\u00fang t\u00f4i v\u00e0 h\u01b0\u1edfng l\u1ee3i \u0111\u1ea7y \u0111\u1ee7 t\u1eeb c\u00e1c ch\u1ee9c n\u0103ng c\u1ee7a n\u00f3, ch\u1eb3ng h\u1ea1n nh\u01b0 truy c\u1eadp v\u00e0o m\u1ed9t s\u1ed1 trang web an to\u00e0n nh\u1ea5t \u0111\u1ecbnh. N\u1ebfu kh\u00f4ng c\u00f3 nh\u1eefng cookie n\u00e0y, ch\u00fang t\u00f4i kh\u00f4ng th\u1ec3 cung c\u1ea5p cho b\u1ea1n m\u1ed9t s\u1ed1 d\u1ecbch v\u1ee5 nh\u1ea5t \u0111\u1ecbnh m\u00e0 b\u1ea1n c\u00f3 th\u1ec3 y\u00eau c\u1ea7u.<\/p>\n<p>C\u00e1c cookie b\u1eaft bu\u1ed9c sau \u0111\u00e2y \u0111\u01b0\u1ee3c s\u1eed d\u1ee5ng tr\u00ean trang web:<\/p>\n<ul>\n<li style=\"list-style-type: none;\">\n<ul>\n<li>PHPSESSID<\/li>\n<li>lang<\/li>\n<li>JSESSIONID<\/li>\n<li>wp-wpml_current_lingu<\/li>\n<\/ul>\n<\/li>\n<\/ul>\n<ul>\n<li><strong>Cookie ch\u1ee9c n\u0103ng v\u00e0 hi\u1ec7u su\u1ea5t:<\/strong><\/li>\n<\/ul>\n<p>Nh\u1eefng cookie n\u00e0y cho ph\u00e9p trang web ghi l\u1ea1i c\u00e1c l\u1ef1a ch\u1ecdn c\u1ea5u h\u00ecnh c\u1ee7a b\u1ea1n \u0111\u1ec3 cung c\u1ea5p cho b\u1ea1n c\u00e1c ch\u1ee9c n\u0103ng n\u00e2ng cao v\u00e0 \u0111\u01b0\u1ee3c c\u00e1 nh\u00e2n h\u00f3a. V\u00ed d\u1ee5: nh\u1eefng cookie n\u00e0y c\u00f3 th\u1ec3 \u0111\u01b0\u1ee3c s\u1eed d\u1ee5ng \u0111\u1ec3 ghi nh\u1edb nh\u1eefng s\u1eeda \u0111\u1ed5i m\u00e0 b\u1ea1n \u0111\u00e3 th\u1ef1c hi\u1ec7n \u0111\u1ed1i v\u1edbi k\u00edch th\u01b0\u1edbc v\u0103n b\u1ea3n, ph\u00f4ng ch\u1eef v\u00e0 c\u00e1c ph\u1ea7n kh\u00e1c c\u1ee7a trang web m\u00e0 b\u1ea1n \u0111\u00e3 truy c\u1eadp. Ch\u00fang c\u0169ng c\u00f3 th\u1ec3 \u0111\u01b0\u1ee3c s\u1eed d\u1ee5ng \u0111\u1ec3 cung c\u1ea5p cho b\u1ea1n m\u1ed9t s\u1ed1 d\u1ecbch v\u1ee5 nh\u1ea5t \u0111\u1ecbnh m\u00e0 b\u1ea1n c\u00f3 th\u1ec3 y\u00eau c\u1ea7u, ch\u1eb3ng h\u1ea1n nh\u01b0 xem video.<\/p>\n<p>Nh\u1eefng cookie n\u00e0y kh\u00f4ng th\u1ec3 gi\u00e1m s\u00e1t ho\u1ea1t \u0111\u1ed9ng duy\u1ec7t web c\u1ee7a b\u1ea1n tr\u00ean c\u00e1c trang web kh\u00e1c v\u00e0 kh\u00f4ng thu th\u1eadp b\u1ea5t k\u1ef3 th\u00f4ng tin n\u00e0o v\u1ec1 b\u1ea1n m\u00e0 c\u00f3 th\u1ec3 \u0111\u01b0\u1ee3c s\u1eed d\u1ee5ng cho m\u1ee5c \u0111\u00edch qu\u1ea3ng c\u00e1o.<\/p>\n<ul>\n<li style=\"list-style-type: none;\">\n<ul>\n<li>Fonts.googleapis.com<\/li>\n<li>Ggpht.com<\/li>\n<li>Linkedin<\/li>\n<li>b\u1ed5 sung<\/li>\n<li>Instagram<\/li>\n<li>Ytimg.com<\/li>\n<li>lidc<\/li>\n<li>lissc<\/li>\n<\/ul>\n<\/li>\n<\/ul>\n<ul>\n<li style=\"list-style-type: none;\"> <\/li>\n<\/ul>\n<p>C\u00e1c cookie hi\u1ec7u su\u1ea5t sau \u0111\u01b0\u1ee3c s\u1eed d\u1ee5ng tr\u00ean trang web:<\/p>\n<ul>\n<li style=\"list-style-type: none;\">\n<ul>\n<li>Cdninstagram<\/li>\n<li>Licdn.com<\/li>\n<\/ul>\n<\/li>\n<\/ul>\n<ul>\n<li><strong>Cookie ph\u00e2n t\u00edch \u0111\u1ed1i t\u01b0\u1ee3ng:<\/strong><\/li>\n<\/ul>\n<p>Nh\u1eefng cookie n\u00e0y \u0111\u01b0\u1ee3c s\u1eed d\u1ee5ng \u0111\u1ec3 thu th\u1eadp th\u00f4ng tin v\u1ec1 c\u00e1ch kh\u00e1ch truy c\u1eadp s\u1eed d\u1ee5ng trang web c\u1ee7a ch\u00fang t\u00f4i, ch\u1eb3ng h\u1ea1n nh\u01b0 c\u00e1c trang \u0111\u01b0\u1ee3c truy c\u1eadp nhi\u1ec1u nh\u1ea5t ho\u1eb7c hi\u1ec3n th\u1ecb th\u00f4ng b\u00e1o l\u1ed7i tr\u00ean m\u1ed9t s\u1ed1 trang nh\u1ea5t \u0111\u1ecbnh. T\u1ea5t c\u1ea3 th\u00f4ng tin \u0111\u01b0\u1ee3c thu th\u1eadp b\u1edfi c\u00e1c cookie n\u00e0y \u0111\u1ec1u \u0111\u01b0\u1ee3c \u1ea9n danh v\u00e0 \u0111\u01b0\u1ee3c thu th\u1eadp cho m\u1ee5c \u0111\u00edch duy nh\u1ea5t l\u00e0 ph\u00e1t tri\u1ec3n v\u00e0 gi\u00e1m s\u00e1t xu h\u01b0\u1edbng l\u01b0u l\u01b0\u1ee3ng truy c\u1eadp tr\u00ean trang web c\u1ee7a ch\u00fang t\u00f4i nh\u1eb1m c\u1ea3i thi\u1ec7n c\u00e1ch th\u1ee9c ho\u1ea1t \u0111\u1ed9ng.<\/p>\n<p>Th\u00f4ng tin n\u00e0y ch\u1ec9 \u0111\u01b0\u1ee3c Geoquest India Pvt Ltd s\u1eed d\u1ee5ng v\u00e0 kh\u00f4ng \u0111\u01b0\u1ee3c chia s\u1ebb v\u1edbi b\u00ean th\u1ee9 ba.<\/p>\n<p>C\u00e1c cookie \u0111o l\u01b0\u1eddng \u0111\u1ed1i t\u01b0\u1ee3ng ph\u00e2n t\u00edch sau \u0111\u00e2y \u0111\u01b0\u1ee3c s\u1eed d\u1ee5ng tr\u00ean trang web:<\/p>\n<ul>\n<li style=\"list-style-type: none;\">\n<ul>\n<li>_ga<\/li>\n<li>_gat<\/li>\n<li>_gid<\/li>\n<\/ul>\n<\/li>\n<\/ul>\n<ul>\n<li><strong>Cookie qu\u1ea3ng c\u00e1o \u0111\u01b0\u1ee3c nh\u1eafm m\u1ee5c ti\u00eau:<\/strong><\/li>\n<\/ul>\n<p>Cookie qu\u1ea3ng c\u00e1o \u0111\u01b0\u1ee3c nh\u1eafm m\u1ee5c ti\u00eau \u0111\u01b0\u1ee3c s\u1eed d\u1ee5ng \u0111\u1ec3 \u0111\u00e1nh gi\u00e1 t\u00ednh hi\u1ec7u qu\u1ea3 c\u1ee7a chi\u1ebfn d\u1ecbch qu\u1ea3ng c\u00e1o b\u1eb1ng c\u00e1ch cho ph\u00e9p ch\u00e8n c\u00e1c qu\u1ea3ng c\u00e1o \u0111\u01b0\u1ee3c nh\u1eafm m\u1ee5c ti\u00eau c\u1ee5 th\u1ec3 \u0111\u1ebfn ng\u01b0\u1eddi d\u00f9ng v\u1edbi s\u1ed1 l\u1ea7n l\u1eb7p l\u1ea1i b\u1ecb h\u1ea1n ch\u1ebf.<\/p>\n<ul>\n<li style=\"list-style-type: none;\">\n<ul>\n<li>tr\u00f2 \u0111\u00f9a<\/li>\n<li>DSID<\/li>\n<li>IDE<\/li>\n<li>test_cookies<\/li>\n<li>APISID<\/li>\n<li>B\u1eb0NG L\u00d2NG<\/li>\n<li>GPS<\/li>\n<li>HSID<\/li>\n<li>LOGIN_INFO<\/li>\n<li>TR\u01af\u1edeNG<\/li>\n<li>SAPISID<\/li>\n<li>SID<\/li>\n<li>SSID<\/li>\n<li>VISITOR_INFO1_LIVE<\/li>\n<li>YSC<\/li>\n<\/ul>\n<\/li>\n<\/ul>\n<h3><strong>S\u1eec D\u1ee4NG<\/strong><\/h3>\n<p>C\u00e1c cookie \u0111\u01b0\u1ee3c g\u1eedi ho\u1eb7c s\u1eed d\u1ee5ng c\u00f3 th\u1ec3 d\u1eabn \u0111\u1ebfn vi\u1ec7c thu th\u1eadp d\u1eef li\u1ec7u c\u00e1 nh\u00e2n, ch\u1eb3ng h\u1ea1n nh\u01b0 d\u1eef li\u1ec7u nh\u1eadn d\u1ea1ng (\u0111\u1ecba ch\u1ec9 IP), d\u1eef li\u1ec7u k\u1ebft n\u1ed1i v\u00e0 ch\u1ea5p nh\u1eadn, th\u00f4ng tin v\u1ec1 danh t\u00ednh v\u00e0 chi ti\u1ebft li\u00ean h\u1ec7 c\u1ee7a ng\u01b0\u1eddi d\u00f9ng.<\/p>\n<p>C\u00e1c trang truy\u1ec1n th\u00f4ng x\u00e3 h\u1ed9i c\u1ee7a b\u00ean th\u1ee9 ba c\u00f3 th\u1ec3 thu th\u1eadp m\u1ed9t s\u1ed1 th\u00f4ng tin (ch\u1eb3ng h\u1ea1n nh\u01b0 \u0111\u1ecba ch\u1ec9 IP, lo\u1ea1i tr\u00ecnh duy\u1ec7t, ng\u00f4n ng\u1eef \u0111\u01b0\u1ee3c s\u1eed d\u1ee5ng ho\u1eb7c th\u1eddi gian truy c\u1eadp) n\u1ebfu b\u1ea1n k\u1ebft n\u1ed1i v\u1edbi c\u00e1c trang n\u00e0y trong khi duy\u1ec7t trang web c\u1ee7a ch\u00fang t\u00f4i. C\u00e1c trang web n\u00e0y c\u0169ng c\u00f3 th\u1ec3 tham chi\u1ebfu ch\u00e9o th\u00f4ng tin m\u00e0 h\u1ecd thu th\u1eadp v\u1edbi th\u00f4ng tin t\u1eeb h\u1ed3 s\u01a1 c\u1ee7a b\u1ea1n c\u00f3 s\u1eb5n tr\u00ean trang web c\u1ee7a ri\u00eang h\u1ecd. Ch\u00fang t\u00f4i kh\u00f4ng th\u1ec3 gi\u00e1m s\u00e1t c\u00e1c c\u00f4ng ngh\u1ec7 theo d\u00f5i c\u1ee7a b\u00ean th\u1ee9 ba n\u00e0y, v\u00ec v\u1eady ch\u00fang t\u00f4i khuy\u00ean b\u1ea1n n\u00ean l\u00e0m quen v\u1edbi c\u00e1c \u0111i\u1ec1u kho\u1ea3n s\u1eed d\u1ee5ng v\u00e0 ch\u00ednh s\u00e1ch b\u1ea3o v\u1ec7 d\u1eef li\u1ec7u c\u1ee7a c\u00e1c trang web b\u00ean th\u1ee9 ba n\u00e0y tr\u01b0\u1edbc khi s\u1eed d\u1ee5ng ch\u00fang.<\/p>\n<p>C\u00e1c cookie kh\u00e1c c\u00f3 th\u1ec3 thu th\u1eadp d\u1eef li\u1ec7u c\u00e1 nh\u00e2n (bao g\u1ed3m th\u00f4ng tin \u0111\u01b0\u1ee3c l\u01b0u gi\u1eef b\u1edfi c\u00e1c cookie \u0111\u01b0\u1ee3c \u0111\u1ecbnh v\u1ecb b\u1edfi c\u00e1c li\u00ean k\u1ebft qu\u1ea3ng c\u00e1o c\u1ee7a ch\u00fang t\u00f4i tr\u00ean c\u00e1c trang web c\u1ee7a b\u00ean th\u1ee9 ba):<\/p>\n<ul>\n<li>N\u1ebfu ng\u01b0\u1eddi d\u00f9ng l\u00e0 ng\u01b0\u1eddi d\u00f9ng \u0111\u00e3 \u0111\u0103ng k\u00fd;<\/li>\n<li>N\u1ebfu ch\u00fang t\u00f4i g\u1eedi cho b\u1ea1n m\u1ed9t email c\u00f3 m\u1ee5c ti\u00eau bao g\u1ed3m \u0111\u00e8n hi\u1ec7u web, cookie ho\u1eb7c c\u00e1c c\u00f4ng ngh\u1ec7 t\u01b0\u01a1ng t\u1ef1, ch\u00fang t\u00f4i s\u1ebd bi\u1ebft li\u1ec7u b\u1ea1n c\u00f3 m\u1edf, \u0111\u1ecdc hay x\u00f3a th\u01b0 n\u00e0y hay kh\u00f4ng.<\/li>\n<\/ul>\n<h3><strong>M\u00c1Y THEO D\u00d5I KH\u00c1C<\/strong><\/h3>\n<p>Geoquest India Pvt Ltd c\u0169ng s\u1eed d\u1ee5ng c\u00e1c c\u00f4ng ngh\u1ec7 r\u1ea5t gi\u1ed1ng v\u1edbi cookie, ch\u1eb3ng h\u1ea1n nh\u01b0 \u0111\u00e8n hi\u1ec7u web v\u00e0 c\u00e1c thi\u1ebft b\u1ecb kh\u00e1c c\u00f3 th\u1ec3 c\u00f3 trong tin nh\u1eafn \u0111i\u1ec7n t\u1eed qu\u1ea3ng c\u00e1o ho\u1eb7c b\u1ea3n tin \u0111\u1ec3 x\u00e1c \u0111\u1ecbnh xem nh\u1eefng tin nh\u1eafn n\u00e0y \u0111\u00e3 \u0111\u01b0\u1ee3c xem hay b\u1ea1n \u0111\u00e3 nh\u1ea5p v\u00e0o c\u00e1c li\u00ean k\u1ebft trong \u0111\u00f3 hay ch\u01b0a. \u0110\u00e8n hi\u1ec7u web kh\u00f4ng ch\u00e8n b\u1ea5t k\u1ef3 d\u1eef li\u1ec7u n\u00e0o v\u00e0o thi\u1ebft b\u1ecb c\u1ee7a b\u1ea1n nh\u01b0ng c\u00f3 th\u1ec3 \u0111\u01b0\u1ee3c s\u1eed d\u1ee5ng song song v\u1edbi cookie \u0111\u1ec3 ph\u00e2n t\u00edch qu\u00e1 tr\u00ecnh duy\u1ec7t trang web c\u1ee7a ng\u01b0\u1eddi d\u00f9ng.<\/p>\n<h3><strong>CH\u1ea4P NH\u1eacN HO\u1eb6C T\u1eea CH\u1ed0I Cookie<\/strong><\/h3>\n<p>Geoquest India Pvt Ltd cho ph\u00e9p b\u1ea1n qu\u1ea3n l\u00fd v\u00e0 c\u1ea5u h\u00ecnh c\u00e1c cookie m\u00e0 b\u1ea1n ch\u1ea5p nh\u1eadn c\u0169ng nh\u01b0 quy\u1ebft \u0111\u1ecbnh ch\u1ea5p nh\u1eadn hay t\u1eeb ch\u1ed1i to\u00e0n b\u1ed9 ho\u1eb7c m\u1ed9t ph\u1ea7n c\u00e1c cookie \u0111\u01b0\u1ee3c ch\u00e8n v\u00e0o thi\u1ebft b\u1ecb c\u1ee7a b\u1ea1n.<\/p>\n<p>Tuy nhi\u00ean, xin l\u01b0u \u00fd r\u1eb1ng vi\u1ec7c t\u1eaft cookie c\u00f3 th\u1ec3 d\u1eabn \u0111\u1ebfn thay \u0111\u1ed5i ho\u1eb7c m\u1ea5t m\u1ed9t s\u1ed1 c\u00e0i \u0111\u1eb7t ho\u1eb7c th\u00f4ng tin. N\u1ebfu b\u1ea1n ch\u1ecdn t\u1eeb ch\u1ed1i cookie, \u0111i\u1ec1u n\u00e0y c\u00f3 th\u1ec3 thay \u0111\u1ed5i tr\u1ea3i nghi\u1ec7m duy\u1ec7t web c\u1ee7a b\u1ea1n ho\u1eb7c g\u00e2y kh\u00f3 kh\u0103n cho vi\u1ec7c duy\u1ec7t trang web c\u1ee7a ch\u00fang t\u00f4i.<\/p>\n<p>\u0110\u1ec3 cho ph\u00e9p b\u1ea1n truy c\u1eadp li\u00ean t\u1ee5c v\u00e0o c\u00e0i \u0111\u1eb7t cookie v\u00e0 ki\u1ec3m so\u00e1t ho\u00e0n to\u00e0n d\u1eef li\u1ec7u \u0111\u00e3 thu th\u1eadp, Geoquest India Pvt Ltd cung c\u1ea5p cho b\u1ea1n c\u00f4ng c\u1ee5 qu\u1ea3n l\u00fd s\u1ef1 \u0111\u1ed3ng \u00fd b\u1eb1ng c\u00e1ch nh\u1ea5p v\u00e0o n\u00fat b\u00ean d\u01b0\u1edbi:<\/p>\n<\/div><h3>[ultimate_gdpr_cookie_popup]Vui l\u00f2ng nh\u1ea5p v\u00e0o \u0111\u00e2y \u0111\u1ec3 thay \u0111\u1ed5i c\u1ea5p \u0111\u1ed9 cookie \u0111\u01b0\u1ee3c ch\u1ea5p nh\u1eadn.[\/ultimate_gdpr_cookie_popup]<\/h3><div class=\"fusion-text fusion-text-2\" style=\"--awb-text-transform:none;\"><p>N\u1ebfu b\u1ea1n kh\u00f4ng mu\u1ed1n nh\u1eadn cookie t\u1eeb trang web c\u1ee7a ch\u00fang t\u00f4i, b\u1ea1n c\u00f3 th\u1ec3 \u0111\u1ecbnh c\u1ea5u h\u00ecnh tr\u00ecnh duy\u1ec7t c\u1ee7a m\u00ecnh cho ph\u00f9 h\u1ee3p. \u0110\u1ec3 \u0111\u1ea1t \u0111\u01b0\u1ee3c m\u1ee5c \u0111\u00edch \u0111\u00f3, vui l\u00f2ng l\u00e0m theo c\u00e1c h\u01b0\u1edbng d\u1eabn th\u00edch h\u1ee3p b\u00ean d\u01b0\u1edbi t\u00f9y thu\u1ed9c v\u00e0o tr\u00ecnh duy\u1ec7t b\u1ea1n s\u1eed d\u1ee5ng:<\/p>\n<ul>\n<li>N\u1ebfu s\u1eed d\u1ee5ng <a href=\"https:\/\/support.microsoft.com\/fr-fr\/help\/17442\/windows-internet-explorer-delete-manage-cookies\">Internet Explorer<\/a><\/li>\n<\/ul>\n<ol>\n<li>Ch\u1ecdn menu \u201cC\u00f4ng c\u1ee5\u201d, sau \u0111\u00f3 ch\u1ecdn \u201cT\u00f9y ch\u1ecdn Internet\u201d.<\/li>\n<li>Nh\u1ea5p v\u00e0o tab \u201cB\u1ea3o m\u1eadt\u201d.<\/li>\n<li>Ch\u1ecdn m\u1ee9c \u0111\u1ed9 mong mu\u1ed1n b\u1eb1ng c\u00e1ch s\u1eed d\u1ee5ng slide.<\/li>\n<\/ol>\n<ul>\n<li>N\u1ebfu d\u00f9ng <a href=\"https:\/\/support.mozilla.org\/en-US\/kb\/clear-cookies-and-site-data-firefox\" target=\"_blank\" rel=\"noopener noreferrer\">Firefox<\/a><\/li>\n<\/ul>\n<ol>\n<li>Ch\u1ecdn \u201cC\u00f4ng c\u1ee5\u201d&gt; &#8220;T\u00f9y ch\u1ecdn&#8221;.<\/li>\n<li>Nh\u1ea5p v\u00e0o t\u00f9y ch\u1ecdn \u201cQuy\u1ec1n ri\u00eang t\u01b0 v\u00e0 b\u1ea3o m\u1eadt\u201d.<\/li>\n<\/ol>\n<ul>\n<li>N\u1ebfu s\u1eed d\u1ee5ng <a href=\"https:\/\/support.apple.com\/kb\/ph5042?locale=en_US\">Safari<\/a><\/li>\n<\/ul>\n<ol>\n<li>Ch\u1ecdn menu \u201cSafari\u201d.<\/li>\n<li>B\u1ea5m v\u00e0o t\u00f9y ch\u1ecdn \u201cS\u1edf th\u00edch\u201d.<\/li>\n<li>Nh\u1ea5p v\u00e0o t\u00f9y ch\u1ecdn \u201cQuy\u1ec1n ri\u00eang t\u01b0\u201d.<\/li>\n<li>Nh\u1ea5p v\u00e0o \u201cQu\u1ea3n l\u00fd d\u1eef li\u1ec7u trang web\u201d.<\/li>\n<\/ol>\n<ul>\n<li>N\u1ebfu s\u1eed d\u1ee5ng <a href=\"https:\/\/support.google.com\/chrome\/answer\/95647?hl=fr\">Google Chrome<\/a><\/li>\n<\/ul>\n<ol>\n<li>M\u1edf Chrome.<\/li>\n<li>\u1ede g\u00f3c tr\u00ean c\u00f9ng b\u00ean ph\u1ea3i, nh\u1ea5p v\u00e0o \u201cTh\u00f4ng s\u1ed1 kh\u00e1c\u201d.<\/li>\n<li>Trong ph\u1ea7n \u201cB\u1ea3o m\u1eadt v\u00e0 b\u1ea3o m\u1eadt\u201d, h\u00e3y nh\u1ea5p v\u00e0o \u201cCookie v\u00e0 d\u1eef li\u1ec7u trang web kh\u00e1c\u201d.<\/li>\n<li>Nh\u1ea5p v\u00e0o \u201cHi\u1ec3n th\u1ecb t\u1ea5t c\u1ea3 cookie v\u00e0 d\u1eef li\u1ec7u trang web\u201d.<\/li>\n<li>B\u1ea5m v\u00e0o \u201cX\u00f3a\u201d.<\/li>\n<li>X\u00e1c nh\u1eadn b\u1eb1ng c\u00e1ch nh\u1ea5p v\u00e0o \u201cX\u00f3a t\u1ea5t c\u1ea3\u201d.<\/li>\n<\/ol>\n<h3> <\/h3>\n<h3><strong>S\u1eecA \u0110\u1ed4I<\/strong><\/h3>\n<p>Ch\u00ednh s\u00e1ch n\u00e0y \u0111\u01b0\u1ee3c c\u1eadp nh\u1eadt l\u1ea7n cu\u1ed1i v\u00e0o ng\u00e0y 16\/03\/2021.<\/p>\n<p>\u0110\u00f4i khi, ch\u00fang t\u00f4i c\u00f3 th\u1ec3 s\u1eeda \u0111\u1ed5i ch\u00ednh s\u00e1ch n\u00e0y \u0111\u1ec3 theo k\u1ecbp nh\u1eefng thay \u0111\u1ed5i v\u1ec1 lu\u1eadt, ti\u1ec1n l\u1ec7 c\u1ee7a t\u00f2a \u00e1n ho\u1eb7c khuy\u1ebfn ngh\u1ecb t\u1eeb \u0110\u1ea1o lu\u1eadt C\u00f4ng ngh\u1ec7 th\u00f4ng tin n\u0103m 2000 c\u1ee7a \u1ea4n \u0110\u1ed9.<\/p>\n<\/div><div class=\"fusion-clearfix\"><\/div><\/div><\/div><\/div><\/div>\n","protected":false},"excerpt":{"rendered":"","protected":false},"author":1,"featured_media":0,"parent":0,"menu_order":0,"comment_status":"closed","ping_status":"closed","template":"","meta":{"footnotes":""},"class_list":["post-13061","page","type-page","status-publish","hentry"],"yoast_head":"<!-- This site is optimized with the Yoast SEO plugin v27.2 - https:\/\/yoast.com\/product\/yoast-seo-wordpress\/ -->\n<title>Ch\u00ednh s\u00e1ch cookie - Geoquest Vietnam<\/title>\n<meta name=\"description\" content=\"Ch\u00ednh s\u00e1ch cookie - Geoquest Vietnam Inventor of the Reinforced Earth\u00ae technique and designer and supplier of geotechnical engineering structures and reinforced backfill solutions.\" \/>\n<meta name=\"robots\" content=\"index, follow, max-snippet:-1, max-image-preview:large, max-video-preview:-1\" \/>\n<link rel=\"canonical\" href=\"https:\/\/www.geoquest-group.com.vn\/vi\/chinh-sach-cookie\/\" \/>\n<meta property=\"og:locale\" content=\"vi_VN\" \/>\n<meta property=\"og:type\" content=\"article\" \/>\n<meta property=\"og:title\" content=\"Ch\u00ednh s\u00e1ch cookie - Geoquest Vietnam\" \/>\n<meta property=\"og:description\" content=\"Ch\u00ednh s\u00e1ch cookie - Geoquest Vietnam Inventor of the Reinforced Earth\u00ae technique and designer and supplier of geotechnical engineering structures and reinforced backfill solutions.\" \/>\n<meta property=\"og:url\" content=\"https:\/\/www.geoquest-group.com.vn\/vi\/chinh-sach-cookie\/\" \/>\n<meta property=\"og:site_name\" content=\"Geoquest Vietnam\" \/>\n<meta property=\"article:modified_time\" content=\"2025-02-04T09:36:20+00:00\" \/>\n<meta property=\"og:image\" content=\"https:\/\/www.geoquest-group.com.vn\/wp-content\/uploads\/sites\/22\/2025\/02\/Chom-chom-featured-v1.jpg\" \/>\n\t<meta property=\"og:image:width\" content=\"1024\" \/>\n\t<meta property=\"og:image:height\" content=\"546\" \/>\n\t<meta property=\"og:image:type\" content=\"image\/jpeg\" \/>\n<meta name=\"twitter:card\" content=\"summary_large_image\" \/>\n<meta name=\"twitter:site\" content=\"@terre_armee\" \/>\n<meta name=\"twitter:label1\" content=\"Est. reading time\" \/>\n\t<meta name=\"twitter:data1\" content=\"13 minutes\" \/>\n<script type=\"application\/ld+json\" class=\"yoast-schema-graph\">{\"@context\":\"https:\/\/schema.org\",\"@graph\":[{\"@type\":\"WebPage\",\"@id\":\"https:\/\/www.geoquest-group.com.vn\/vi\/chinh-sach-cookie\/\",\"url\":\"https:\/\/www.geoquest-group.com.vn\/vi\/chinh-sach-cookie\/\",\"name\":\"Ch\u00ednh s\u00e1ch cookie - Geoquest Vietnam\",\"isPartOf\":{\"@id\":\"https:\/\/www.geoquest-group.com.vn\/vi\/#website\"},\"datePublished\":\"2019-07-22T07:15:23+00:00\",\"dateModified\":\"2025-02-04T09:36:20+00:00\",\"description\":\"Ch\u00ednh s\u00e1ch cookie - Geoquest Vietnam Inventor of the Reinforced Earth\u00ae technique and designer and supplier of geotechnical engineering structures and reinforced backfill solutions.\",\"breadcrumb\":{\"@id\":\"https:\/\/www.geoquest-group.com.vn\/vi\/chinh-sach-cookie\/#breadcrumb\"},\"inLanguage\":\"vi-VN\",\"potentialAction\":[{\"@type\":\"ReadAction\",\"target\":[\"https:\/\/www.geoquest-group.com.vn\/vi\/chinh-sach-cookie\/\"]}]},{\"@type\":\"BreadcrumbList\",\"@id\":\"https:\/\/www.geoquest-group.com.vn\/vi\/chinh-sach-cookie\/#breadcrumb\",\"itemListElement\":[{\"@type\":\"ListItem\",\"position\":1,\"name\":\"Home\",\"item\":\"https:\/\/www.geoquest-group.com.vn\/vi\/\"},{\"@type\":\"ListItem\",\"position\":2,\"name\":\"Ch\u00ednh s\u00e1ch cookie\"}]},{\"@type\":\"WebSite\",\"@id\":\"https:\/\/www.geoquest-group.com.vn\/vi\/#website\",\"url\":\"https:\/\/www.geoquest-group.com.vn\/vi\/\",\"name\":\"Geoquest Vietnam\",\"description\":\"Geoquest Vietnam\",\"publisher\":{\"@id\":\"https:\/\/www.geoquest-group.com.vn\/vi\/#organization\"},\"alternateName\":\"Geoquest Vietnam\",\"potentialAction\":[{\"@type\":\"SearchAction\",\"target\":{\"@type\":\"EntryPoint\",\"urlTemplate\":\"https:\/\/www.geoquest-group.com.vn\/vi\/?s={search_term_string}\"},\"query-input\":{\"@type\":\"PropertyValueSpecification\",\"valueRequired\":true,\"valueName\":\"search_term_string\"}}],\"inLanguage\":\"vi-VN\"},{\"@type\":\"Organization\",\"@id\":\"https:\/\/www.geoquest-group.com.vn\/vi\/#organization\",\"name\":\"Geoquest Vietnam\",\"alternateName\":\"Geoquest Vietnam\",\"url\":\"https:\/\/www.geoquest-group.com.vn\/vi\/\",\"logo\":{\"@type\":\"ImageObject\",\"inLanguage\":\"vi-VN\",\"@id\":\"https:\/\/www.geoquest-group.com.vn\/vi\/#\/schema\/logo\/image\/\",\"url\":\"https:\/\/www.geoquest-group.com.vn\/wp-content\/uploads\/sites\/22\/2024\/11\/Geoquest-Logo-V_CMYK-flat.png\",\"contentUrl\":\"https:\/\/www.geoquest-group.com.vn\/wp-content\/uploads\/sites\/22\/2024\/11\/Geoquest-Logo-V_CMYK-flat.png\",\"width\":842,\"height\":596,\"caption\":\"Geoquest Vietnam\"},\"image\":{\"@id\":\"https:\/\/www.geoquest-group.com.vn\/vi\/#\/schema\/logo\/image\/\"},\"sameAs\":[\"https:\/\/x.com\/terre_armee\",\"https:\/\/www.linkedin.com\/company\/reinforced-earth-company-vietnam\/\",\"https:\/\/www.youtube.com\/user\/terrearmeegroup\"]}]}<\/script>\n<!-- \/ Yoast SEO plugin. -->","yoast_head_json":{"title":"Ch\u00ednh s\u00e1ch cookie - Geoquest Vietnam","description":"Ch\u00ednh s\u00e1ch cookie - Geoquest Vietnam Inventor of the Reinforced Earth\u00ae technique and designer and supplier of geotechnical engineering structures and reinforced backfill solutions.","robots":{"index":"index","follow":"follow","max-snippet":"max-snippet:-1","max-image-preview":"max-image-preview:large","max-video-preview":"max-video-preview:-1"},"canonical":"https:\/\/www.geoquest-group.com.vn\/vi\/chinh-sach-cookie\/","og_locale":"vi_VN","og_type":"article","og_title":"Ch\u00ednh s\u00e1ch cookie - Geoquest Vietnam","og_description":"Ch\u00ednh s\u00e1ch cookie - Geoquest Vietnam Inventor of the Reinforced Earth\u00ae technique and designer and supplier of geotechnical engineering structures and reinforced backfill solutions.","og_url":"https:\/\/www.geoquest-group.com.vn\/vi\/chinh-sach-cookie\/","og_site_name":"Geoquest Vietnam","article_modified_time":"2025-02-04T09:36:20+00:00","og_image":[{"width":1024,"height":546,"url":"https:\/\/www.geoquest-group.com.vn\/wp-content\/uploads\/sites\/22\/2025\/02\/Chom-chom-featured-v1.jpg","type":"image\/jpeg"}],"twitter_card":"summary_large_image","twitter_site":"@terre_armee","twitter_misc":{"Est. reading time":"13 minutes"},"schema":{"@context":"https:\/\/schema.org","@graph":[{"@type":"WebPage","@id":"https:\/\/www.geoquest-group.com.vn\/vi\/chinh-sach-cookie\/","url":"https:\/\/www.geoquest-group.com.vn\/vi\/chinh-sach-cookie\/","name":"Ch\u00ednh s\u00e1ch cookie - Geoquest Vietnam","isPartOf":{"@id":"https:\/\/www.geoquest-group.com.vn\/vi\/#website"},"datePublished":"2019-07-22T07:15:23+00:00","dateModified":"2025-02-04T09:36:20+00:00","description":"Ch\u00ednh s\u00e1ch cookie - Geoquest Vietnam Inventor of the Reinforced Earth\u00ae technique and designer and supplier of geotechnical engineering structures and reinforced backfill solutions.","breadcrumb":{"@id":"https:\/\/www.geoquest-group.com.vn\/vi\/chinh-sach-cookie\/#breadcrumb"},"inLanguage":"vi-VN","potentialAction":[{"@type":"ReadAction","target":["https:\/\/www.geoquest-group.com.vn\/vi\/chinh-sach-cookie\/"]}]},{"@type":"BreadcrumbList","@id":"https:\/\/www.geoquest-group.com.vn\/vi\/chinh-sach-cookie\/#breadcrumb","itemListElement":[{"@type":"ListItem","position":1,"name":"Home","item":"https:\/\/www.geoquest-group.com.vn\/vi\/"},{"@type":"ListItem","position":2,"name":"Ch\u00ednh s\u00e1ch cookie"}]},{"@type":"WebSite","@id":"https:\/\/www.geoquest-group.com.vn\/vi\/#website","url":"https:\/\/www.geoquest-group.com.vn\/vi\/","name":"Geoquest Vietnam","description":"Geoquest Vietnam","publisher":{"@id":"https:\/\/www.geoquest-group.com.vn\/vi\/#organization"},"alternateName":"Geoquest Vietnam","potentialAction":[{"@type":"SearchAction","target":{"@type":"EntryPoint","urlTemplate":"https:\/\/www.geoquest-group.com.vn\/vi\/?s={search_term_string}"},"query-input":{"@type":"PropertyValueSpecification","valueRequired":true,"valueName":"search_term_string"}}],"inLanguage":"vi-VN"},{"@type":"Organization","@id":"https:\/\/www.geoquest-group.com.vn\/vi\/#organization","name":"Geoquest Vietnam","alternateName":"Geoquest Vietnam","url":"https:\/\/www.geoquest-group.com.vn\/vi\/","logo":{"@type":"ImageObject","inLanguage":"vi-VN","@id":"https:\/\/www.geoquest-group.com.vn\/vi\/#\/schema\/logo\/image\/","url":"https:\/\/www.geoquest-group.com.vn\/wp-content\/uploads\/sites\/22\/2024\/11\/Geoquest-Logo-V_CMYK-flat.png","contentUrl":"https:\/\/www.geoquest-group.com.vn\/wp-content\/uploads\/sites\/22\/2024\/11\/Geoquest-Logo-V_CMYK-flat.png","width":842,"height":596,"caption":"Geoquest Vietnam"},"image":{"@id":"https:\/\/www.geoquest-group.com.vn\/vi\/#\/schema\/logo\/image\/"},"sameAs":["https:\/\/x.com\/terre_armee","https:\/\/www.linkedin.com\/company\/reinforced-earth-company-vietnam\/","https:\/\/www.youtube.com\/user\/terrearmeegroup"]}]}},"_links":{"self":[{"href":"https:\/\/www.geoquest-group.com.vn\/vi\/wp-json\/wp\/v2\/pages\/13061","targetHints":{"allow":["GET"]}}],"collection":[{"href":"https:\/\/www.geoquest-group.com.vn\/vi\/wp-json\/wp\/v2\/pages"}],"about":[{"href":"https:\/\/www.geoquest-group.com.vn\/vi\/wp-json\/wp\/v2\/types\/page"}],"author":[{"embeddable":true,"href":"https:\/\/www.geoquest-group.com.vn\/vi\/wp-json\/wp\/v2\/users\/1"}],"replies":[{"embeddable":true,"href":"https:\/\/www.geoquest-group.com.vn\/vi\/wp-json\/wp\/v2\/comments?post=13061"}],"version-history":[{"count":1,"href":"https:\/\/www.geoquest-group.com.vn\/vi\/wp-json\/wp\/v2\/pages\/13061\/revisions"}],"predecessor-version":[{"id":13062,"href":"https:\/\/www.geoquest-group.com.vn\/vi\/wp-json\/wp\/v2\/pages\/13061\/revisions\/13062"}],"wp:attachment":[{"href":"https:\/\/www.geoquest-group.com.vn\/vi\/wp-json\/wp\/v2\/media?parent=13061"}],"curies":[{"name":"wp","href":"https:\/\/api.w.org\/{rel}","templated":true}]}}